{"id":93,"date":"2010-07-09T09:55:02","date_gmt":"2010-07-09T07:55:02","guid":{"rendered":"http:\/\/www.kaemmerinternational.de\/?page_id=93"},"modified":"2021-01-15T13:08:15","modified_gmt":"2021-01-15T12:08:15","slug":"impressum","status":"publish","type":"page","link":"https:\/\/www.kaemmerinternational.de\/hannover\/impressum\/","title":{"rendered":"Impressum"},"content":{"rendered":"<p><\/p>\n<table  class=\" table table-hover\" >\n<tbody>\n<tr>\n<td style=\"padding-right: 20px;\"><\/td>\n<td>K\u00e4mmer International Bilingual School gGmbH<br \/>\nJasperallee 23<br \/>\n38102 Braunschweig<\/td>\n<\/tr>\n<tr>\n<td style=\"padding-right: 20px;\"><\/td>\n<td><\/td>\n<\/tr>\n<tr>\n<td style=\"padding-right: 20px;\">Tel.:<\/td>\n<td>0531 2343111<\/td>\n<\/tr>\n<tr>\n<td style=\"padding-right: 20px;\">Fax:<\/td>\n<td>0531 2343171<\/td>\n<\/tr>\n<tr>\n<td style=\"padding-right: 20px;\">E-Mail:<\/td>\n<td><a href=\"mailto:hannover@kaemmerinternational.de\">hannover@kaemmerinternational.de<\/a><\/td>\n<\/tr>\n<tr>\n<td style=\"padding-right: 20px;\"><\/td>\n<td><\/td>\n<\/tr>\n<tr>\n<td style=\"padding-right: 20px;\">Gesch\u00e4ftsf\u00fchrer:<\/td>\n<td>Heike Eckhoff, R\u00fcdiger Schmidt<\/td>\n<\/tr>\n<tr>\n<td style=\"padding-right: 20px;\">Handelsregister:<\/td>\n<td>HRB 206838 AG Braunschweig<\/td>\n<\/tr>\n<tr>\n<td style=\"padding-right: 20px;\">Steuernummer:<\/td>\n<td>25\/207\/424324<\/td>\n<\/tr>\n<\/tbody>\n<\/table>\n<hr \/>\n<h3>Inhaltlich Verantwortlich:<\/h3>\n<p>Heike Eckhoff<br \/>\nK\u00e4mmer International Bilingual School<br \/>\nPaderborner Str. 1<br \/>\n30539 Hannover<\/p>\n<hr \/>\n<h3>Urheberrecht:<\/h3>\n<p>Copyright 2020 K\u00e4mmer International Bilingual School. Alle Rechte vorbehalten. Der Inhalt einschlie\u00dflich Bilder und die Gestaltung dieser Website unterliegen dem Schutz des Urheberrechts und anderer Gesetze zum Schutz geistigen Eigentums. Die Verbreitung oder Ver\u00e4nderung des Inhalts dieser Seiten einschlie\u00dflich des so genannten Framings und \u00e4hnlicher Ma\u00dfnahmen ist nicht gestattet. Dar\u00fcber hinaus darf dieser Inhalt nicht zu kommerziellen Zwecken kopiert, verbreitet, ver\u00e4ndert oder Dritten zug\u00e4nglich gemacht werden<\/p>\n<h3>Haftungshinweis:<\/h3>\n<p>Auf die aktuelle und zuk\u00fcnftige Gestaltung, die Inhalte oder die Urheberschaft der verkn\u00fcpften Seiten hat der Autor keinerlei Einfluss. Deshalb distanziert er sich hiermit ausdr\u00fccklich von allen Inhalten aller verkn\u00fcpften Seiten, die nach der Linksetzung ver\u00e4ndert wurden. Diese Feststellung gilt f\u00fcr alle innerhalb des eigenen Internetangebotes gesetzten Links und Verweise sowie f\u00fcr Fremdeintr\u00e4ge in vom Autor eingerichteten G\u00e4steb\u00fcchern, Diskussionsforen und Mailinglisten. F\u00fcr illegale, fehlerhafte oder unvollst\u00e4ndige Inhalte und insbesondere f\u00fcr Sch\u00e4den, die aus der Nutzung oder Nichtnutzung solcherart dargebotener Informationen entstehen, haftet allein der Anbieter der Seite, auf welche verwiesen wurde, nicht derjenige, der \u00fcber Links auf die jeweilige Ver\u00f6ffentlichung lediglich verweist.<\/p>","protected":false},"excerpt":{"rendered":"<p>K\u00e4mmer International Bilingual School gGmbH Jasperallee 23 38102 Braunschweig Tel.: 0531 2343111 Fax: 0531 2343171 E-Mail: hannover@kaemmerinternational.de Gesch\u00e4ftsf\u00fchrer: Heike Eckhoff, R\u00fcdiger Schmidt Handelsregister: HRB 206838 AG Braunschweig Steuernummer: 25\/207\/424324 Inhaltlich Verantwortlich: Heike Eckhoff K\u00e4mmer International Bilingual School Paderborner Str. 1 30539 Hannover Urheberrecht: Copyright 2020 K\u00e4mmer International Bilingual School. Alle Rechte vorbehalten. Der Inhalt einschlie\u00dflich<\/p>\n<div><a class=\"btn-filled btn\" href=\"https:\/\/www.kaemmerinternational.de\/hannover\/impressum\/\" title=\"Impressum\">Read More<\/a><\/div>\n","protected":false},"author":1,"featured_media":0,"parent":0,"menu_order":0,"comment_status":"closed","ping_status":"closed","template":"","meta":{"footnotes":""},"class_list":["post-93","page","type-page","status-publish","hentry"],"_links":{"self":[{"href":"https:\/\/www.kaemmerinternational.de\/hannover\/wp-json\/wp\/v2\/pages\/93","targetHints":{"allow":["GET"]}}],"collection":[{"href":"https:\/\/www.kaemmerinternational.de\/hannover\/wp-json\/wp\/v2\/pages"}],"about":[{"href":"https:\/\/www.kaemmerinternational.de\/hannover\/wp-json\/wp\/v2\/types\/page"}],"author":[{"embeddable":true,"href":"https:\/\/www.kaemmerinternational.de\/hannover\/wp-json\/wp\/v2\/users\/1"}],"replies":[{"embeddable":true,"href":"https:\/\/www.kaemmerinternational.de\/hannover\/wp-json\/wp\/v2\/comments?post=93"}],"version-history":[{"count":0,"href":"https:\/\/www.kaemmerinternational.de\/hannover\/wp-json\/wp\/v2\/pages\/93\/revisions"}],"wp:attachment":[{"href":"https:\/\/www.kaemmerinternational.de\/hannover\/wp-json\/wp\/v2\/media?parent=93"}],"curies":[{"name":"wp","href":"https:\/\/api.w.org\/{rel}","templated":true}]}}