{"id":87,"date":"2010-07-09T09:51:29","date_gmt":"2010-07-09T07:51:29","guid":{"rendered":"http:\/\/www.kaemmerinternational.de\/?page_id=87"},"modified":"2017-12-06T12:12:22","modified_gmt":"2017-12-06T11:12:22","slug":"traeger","status":"publish","type":"page","link":"https:\/\/www.kaemmerinternational.de\/hannover\/ueber-uns\/traeger\/","title":{"rendered":"Tr\u00e4ger"},"content":{"rendered":"<p>Der Tr\u00e4ger der KIBS ist die Oskar K\u00e4mmer Schule <a href=\"http:\/\/www.oks.de\" target=\"_blank\">www.oks.de<\/a>.<\/p>\n<p>Die Oskar K\u00e4mmer Schule ist eine gemeinn\u00fctzige Bildungsgesellschaft mbH, die sich der schulischen Allgemeinbildung und der schulischen Berufsausbildung in staatlich anerkannten Schulzweigen widmet sowie der Erwachsenenbildung als auch Arbeitsmarktdienstleistungen. Sie ist hervorgegangen aus der Oskar K\u00e4mmer Schule, die 1945 von Hilde und Oskar K\u00e4mmer in Braunschweig gegr\u00fcndet wurde. Mit einer mehr als 60 Jahre umfassenden Tradition genie\u00dft die Oskar K\u00e4mmer Schule im \u00f6stlichen Niedersachsen und in Sachsen-Anhalt ein hohes Ansehen als kompetenter Partner f\u00fcr Bildung.<\/p>\n<p>Hauptsitz der Oskar K\u00e4mmer Schule ist in Braunschweig.<\/p>\n<p>Die Oskar K\u00e4mmer Schule versteht sich als modernes Dienstleistungsunternehmen, in dem alle &#8211; Sch\u00fcler und Lehrer, Verwaltungskr\u00e4fte sowie Schul- und Gesch\u00e4ftsleitung: Lebendig lernen.<\/p>","protected":false},"excerpt":{"rendered":"<p>Der Tr\u00e4ger der KIBS ist die Oskar K\u00e4mmer Schule www.oks.de. Die Oskar K\u00e4mmer Schule ist eine gemeinn\u00fctzige Bildungsgesellschaft mbH, die sich der schulischen Allgemeinbildung und der schulischen Berufsausbildung in staatlich anerkannten Schulzweigen widmet sowie der Erwachsenenbildung als auch Arbeitsmarktdienstleistungen. Sie ist hervorgegangen aus der Oskar K\u00e4mmer Schule, die 1945 von Hilde und Oskar K\u00e4mmer in<\/p>\n<div><a class=\"btn-filled btn\" href=\"https:\/\/www.kaemmerinternational.de\/hannover\/ueber-uns\/traeger\/\" title=\"Tr\u00e4ger\">Read More<\/a><\/div>\n","protected":false},"author":1,"featured_media":0,"parent":95,"menu_order":9,"comment_status":"closed","ping_status":"closed","template":"","meta":{"footnotes":""},"class_list":["post-87","page","type-page","status-publish","hentry"],"_links":{"self":[{"href":"https:\/\/www.kaemmerinternational.de\/hannover\/wp-json\/wp\/v2\/pages\/87","targetHints":{"allow":["GET"]}}],"collection":[{"href":"https:\/\/www.kaemmerinternational.de\/hannover\/wp-json\/wp\/v2\/pages"}],"about":[{"href":"https:\/\/www.kaemmerinternational.de\/hannover\/wp-json\/wp\/v2\/types\/page"}],"author":[{"embeddable":true,"href":"https:\/\/www.kaemmerinternational.de\/hannover\/wp-json\/wp\/v2\/users\/1"}],"replies":[{"embeddable":true,"href":"https:\/\/www.kaemmerinternational.de\/hannover\/wp-json\/wp\/v2\/comments?post=87"}],"version-history":[{"count":0,"href":"https:\/\/www.kaemmerinternational.de\/hannover\/wp-json\/wp\/v2\/pages\/87\/revisions"}],"up":[{"embeddable":true,"href":"https:\/\/www.kaemmerinternational.de\/hannover\/wp-json\/wp\/v2\/pages\/95"}],"wp:attachment":[{"href":"https:\/\/www.kaemmerinternational.de\/hannover\/wp-json\/wp\/v2\/media?parent=87"}],"curies":[{"name":"wp","href":"https:\/\/api.w.org\/{rel}","templated":true}]}}