{"id":6242,"date":"2025-08-26T14:47:56","date_gmt":"2025-08-26T12:47:56","guid":{"rendered":"https:\/\/www.kaemmerinternational.de\/hannover\/?page_id=6242"},"modified":"2025-08-28T10:03:35","modified_gmt":"2025-08-28T08:03:35","slug":"podcast","status":"publish","type":"page","link":"https:\/\/www.kaemmerinternational.de\/hannover\/news\/podcast\/","title":{"rendered":"Podcast: Oskars Welt"},"content":{"rendered":"<h2 class=\"wp-block-heading\">Was bewegt Bildung heute \u2013 und wie gestalten wir sie f\u00fcr morgen?<\/h2>\n\n\n\n<p>In unserem Podcast der Oskar K\u00e4mmer Schule (OKS), geht es um das, was Bildung bewegt: Menschen, Projekte und Perspektiven, die Schule und Lernen weiterdenken. Einblicke, Gespr\u00e4che und Hintergr\u00fcnde aus der Praxis &#8211; vom bilingualen Unterricht bis zu digitalen Lernwegen. Durch die Folgen f\u00fchren Andrea Ro\u00df-Fricke (Kommunikationsleiterin OKS) und Bita Schafi-Neya (Autorin &amp; NDR-Journalistin).<\/p>\n\n\n\n<p>Ein Format der Oskar K\u00e4mmer Schule.<\/p>\n\n\n\n<h3 class=\"wp-block-heading\">Episode 1: Was macht Bildung heute aus \u2013 und wie gestalten wir die von morgen?<\/h3>\n\n\n\n<div class=\"wp-block-columns is-layout-flex wp-container-core-columns-is-layout-9d6595d7 wp-block-columns-is-layout-flex\">\n<div class=\"wp-block-column is-layout-flow wp-block-column-is-layout-flow\">\n<p>Was bedeutet eigentlich immersives Lernen und wie funktioniert es im Schulalltag? Warum ist Bilingualit\u00e4t mehr als nur &#8220;Englischunterricht&#8221;? Wie ver\u00e4ndert Technologie den Unterricht? Und was hat das alles mit Sport zu tun?<\/p>\n\n\n\n<p>In der ersten Folge von &#8220;Oskars Welt&#8221; ist Heike Eckhoff, Gesch\u00e4ftsf\u00fchrerin der Oskar K\u00e4mmer Schule und K\u00e4mmer International Bilingual School (KIBS), zu Gast.<\/p>\n<\/div>\n\n\n\n<div class=\"wp-block-column is-layout-flow wp-block-column-is-layout-flow\">\n<figure class=\"wp-block-image size-large\"><a href=\"https:\/\/www.youtube.com\/watch?v=uKvnunfh-qQ\" target=\"_blank\" rel=\" noreferrer noopener\"><img fetchpriority=\"high\" decoding=\"async\" width=\"1024\" height=\"576\" src=\"https:\/\/www.kaemmerinternational.de\/hannover\/wp-content\/uploads\/2025\/08\/youtube-oskarswelt-01-1024x576.jpg\" alt=\"\" class=\"wp-image-6243\" srcset=\"https:\/\/www.kaemmerinternational.de\/hannover\/wp-content\/uploads\/2025\/08\/youtube-oskarswelt-01-1024x576.jpg 1024w, https:\/\/www.kaemmerinternational.de\/hannover\/wp-content\/uploads\/2025\/08\/youtube-oskarswelt-01-300x169.jpg 300w, https:\/\/www.kaemmerinternational.de\/hannover\/wp-content\/uploads\/2025\/08\/youtube-oskarswelt-01-768x432.jpg 768w, https:\/\/www.kaemmerinternational.de\/hannover\/wp-content\/uploads\/2025\/08\/youtube-oskarswelt-01.jpg 1280w\" sizes=\"(max-width: 1024px) 100vw, 1024px\" \/><\/a><\/figure>\n<\/div>\n<\/div>\n\n\n\n<script class=\"podigee-podcast-player\" src=\"https:\/\/player.podigee-cdn.net\/podcast-player\/javascripts\/podigee-podcast-player.js\" data-configuration=\"https:\/\/oskars-welt-podcast.podigee.io\/1-in-zwei-sprachen-zu-hause-bilingual-learning\/embed?context=external\"><\/script>","protected":false},"excerpt":{"rendered":"<p>Was bewegt Bildung heute \u2013 und wie gestalten wir sie f\u00fcr morgen? In unserem Podcast der Oskar K\u00e4mmer Schule (OKS), geht es um das, was Bildung bewegt: Menschen, Projekte und Perspektiven, die Schule und Lernen weiterdenken. Einblicke, Gespr\u00e4che und Hintergr\u00fcnde aus der Praxis &#8211; vom bilingualen Unterricht bis zu digitalen Lernwegen. Durch die Folgen f\u00fchren<\/p>\n<div><a class=\"btn-filled btn\" href=\"https:\/\/www.kaemmerinternational.de\/hannover\/news\/podcast\/\" title=\"Podcast: Oskars Welt\">Read More<\/a><\/div>\n","protected":false},"author":1,"featured_media":0,"parent":4717,"menu_order":0,"comment_status":"closed","ping_status":"closed","template":"","meta":{"footnotes":""},"class_list":["post-6242","page","type-page","status-publish","hentry"],"_links":{"self":[{"href":"https:\/\/www.kaemmerinternational.de\/hannover\/wp-json\/wp\/v2\/pages\/6242","targetHints":{"allow":["GET"]}}],"collection":[{"href":"https:\/\/www.kaemmerinternational.de\/hannover\/wp-json\/wp\/v2\/pages"}],"about":[{"href":"https:\/\/www.kaemmerinternational.de\/hannover\/wp-json\/wp\/v2\/types\/page"}],"author":[{"embeddable":true,"href":"https:\/\/www.kaemmerinternational.de\/hannover\/wp-json\/wp\/v2\/users\/1"}],"replies":[{"embeddable":true,"href":"https:\/\/www.kaemmerinternational.de\/hannover\/wp-json\/wp\/v2\/comments?post=6242"}],"version-history":[{"count":4,"href":"https:\/\/www.kaemmerinternational.de\/hannover\/wp-json\/wp\/v2\/pages\/6242\/revisions"}],"predecessor-version":[{"id":6252,"href":"https:\/\/www.kaemmerinternational.de\/hannover\/wp-json\/wp\/v2\/pages\/6242\/revisions\/6252"}],"up":[{"embeddable":true,"href":"https:\/\/www.kaemmerinternational.de\/hannover\/wp-json\/wp\/v2\/pages\/4717"}],"wp:attachment":[{"href":"https:\/\/www.kaemmerinternational.de\/hannover\/wp-json\/wp\/v2\/media?parent=6242"}],"curies":[{"name":"wp","href":"https:\/\/api.w.org\/{rel}","templated":true}]}}