{"id":5928,"date":"2024-05-31T10:09:05","date_gmt":"2024-05-31T08:09:05","guid":{"rendered":"https:\/\/www.kaemmerinternational.de\/hannover\/?page_id=5928"},"modified":"2024-06-13T15:35:19","modified_gmt":"2024-06-13T13:35:19","slug":"digital-education-kita-concept-summary","status":"publish","type":"page","link":"https:\/\/www.kaemmerinternational.de\/hannover\/digital-education-kita-concept-summary\/","title":{"rendered":"Digitale Bildung im Kindergarten: Konzeptzusammenfassung"},"content":{"rendered":"<p><strong>Einf\u00fchrung<\/strong><\/p>\n\n\n\n<div class=\"wp-block-columns is-layout-flex wp-container-core-columns-is-layout-9d6595d7 wp-block-columns-is-layout-flex\">\n<div class=\"wp-block-column is-layout-flow wp-block-column-is-layout-flow\">\n<p>Der zunehmende Konsum digitaler Medien bei Kindern hat die Notwendigkeit deutlich gemacht, digitale Bildung in fr\u00fchkindliche Lernumgebungen zu integrieren. Die K\u00e4mmer International Bilingual School (KIBS) m\u00f6chte diesem Bedarf Rechnung tragen, und hat ein umfassendes digitales Bildungskonzept f\u00fcr ihren Kindergarten entwickelt, das sich darauf konzentriert, das nat\u00fcrliche Interesse der Kinder an digitalen Medien zu nutzen.<\/p>\n<\/div>\n\n\n\n<div class=\"wp-block-column is-layout-flow wp-block-column-is-layout-flow\">\n<figure class=\"wp-block-image size-large\"><a href=\"https:\/\/www.kaemmerinternational.de\/hannover\/wp-content\/uploads\/2024\/06\/STOP_MOTION-scaled.jpg\"><img fetchpriority=\"high\" decoding=\"async\" width=\"1024\" height=\"770\" src=\"https:\/\/www.kaemmerinternational.de\/hannover\/wp-content\/uploads\/2024\/06\/STOP_MOTION-1024x770.jpg\" alt=\"\" class=\"wp-image-5958\" srcset=\"https:\/\/www.kaemmerinternational.de\/hannover\/wp-content\/uploads\/2024\/06\/STOP_MOTION-1024x770.jpg 1024w, https:\/\/www.kaemmerinternational.de\/hannover\/wp-content\/uploads\/2024\/06\/STOP_MOTION-300x226.jpg 300w, https:\/\/www.kaemmerinternational.de\/hannover\/wp-content\/uploads\/2024\/06\/STOP_MOTION-768x578.jpg 768w, https:\/\/www.kaemmerinternational.de\/hannover\/wp-content\/uploads\/2024\/06\/STOP_MOTION-1536x1156.jpg 1536w, https:\/\/www.kaemmerinternational.de\/hannover\/wp-content\/uploads\/2024\/06\/STOP_MOTION-2048x1541.jpg 2048w\" sizes=\"(max-width: 1024px) 100vw, 1024px\" \/><\/a><\/figure>\n<\/div>\n<\/div>\n\n\n\n<p><strong>P\u00e4dagogischer Rahmen<\/strong><\/p>\n\n\n\n<div class=\"wp-block-columns is-layout-flex wp-container-core-columns-is-layout-9d6595d7 wp-block-columns-is-layout-flex\">\n<div class=\"wp-block-column is-layout-flow wp-block-column-is-layout-flow\">\n<figure class=\"wp-block-image size-large\"><a href=\"https:\/\/www.kaemmerinternational.de\/hannover\/wp-content\/uploads\/2024\/06\/iPAD_DRAWING.png\"><img decoding=\"async\" width=\"1024\" height=\"743\" src=\"https:\/\/www.kaemmerinternational.de\/hannover\/wp-content\/uploads\/2024\/06\/iPAD_DRAWING-1024x743.png\" alt=\"\" class=\"wp-image-5959\" srcset=\"https:\/\/www.kaemmerinternational.de\/hannover\/wp-content\/uploads\/2024\/06\/iPAD_DRAWING-1024x743.png 1024w, https:\/\/www.kaemmerinternational.de\/hannover\/wp-content\/uploads\/2024\/06\/iPAD_DRAWING-300x218.png 300w, https:\/\/www.kaemmerinternational.de\/hannover\/wp-content\/uploads\/2024\/06\/iPAD_DRAWING-768x557.png 768w, https:\/\/www.kaemmerinternational.de\/hannover\/wp-content\/uploads\/2024\/06\/iPAD_DRAWING.png 1328w\" sizes=\"(max-width: 1024px) 100vw, 1024px\" \/><\/a><\/figure>\n<\/div>\n\n\n\n<div class=\"wp-block-column is-layout-flow wp-block-column-is-layout-flow\">\n<p>KIBS integriert digitale Hilfsmittel wie iPads und Smartboards in seinen p\u00e4dagogischen Ansatz und erg\u00e4nzt so traditionelle Lernmethoden. Der Einsatz digitaler Medien ist flexibel gestaltet und orientiert sich am Nieders\u00e4chsischen Orientierungsplan Bildung, der Empfehlungen ohne verbindliche Vorgaben gibt. Diese Flexibilit\u00e4t erm\u00f6glicht es KIBS, seine digitalen Bildungsstrategien an die individuellen Bed\u00fcrfnisse der Kinder anzupassen.<\/p>\n<\/div>\n<\/div>\n\n\n\n<p><strong>Kompetenzstufen<\/strong><\/p>\n\n\n\n<p>Das digitale Bildungskonzept der KIBS sieht drei Stufen des Kompetenzerwerbs in vier<br>Schl\u00fcsselbereichen vor:<\/p>\n\n\n\n<ol class=\"wp-block-list\">\n<li>Sozial-kommunikative Kompetenz<\/li>\n\n\n\n<li>Informationskompetenz<\/li>\n\n\n\n<li>Produktionskompetenz<\/li>\n\n\n\n<li>Reflexionskompetenz<\/li>\n<\/ol>\n\n\n\n<p><strong>Implementierung und t\u00e4gliche Integration<\/strong><\/p>\n\n\n\n<p>Die Integration digitaler Medien basiert nicht auf einer festen \u201eBildschirmzeit\u201c, sondern ist organisch in die t\u00e4glichen Aktivit\u00e4ten eingebettet. Ger\u00e4te wie iPads werden verwendet, um das traditionelle Lernen zu bereichern und ein ausgewogenes und umfassendes Lernerlebnis zu gew\u00e4hrleisten, dass auf das Tempo und die Interessen jedes Kindes zugeschnitten ist.<\/p>\n\n\n\n<p><strong>Technologische Infrastruktur und Personalschulung<\/strong><\/p>\n\n\n\n<p>KIBS ist bestrebt, modernste technologische Ressourcen bereitzustellen. Jeder Mitarbeiter ist mit einem iPad ausgestattet, was eine effiziente Verwaltung und spontane Bildungsaktivit\u00e4ten erm\u00f6glicht. Unser Kindergarten ist mit verschiedenen digitalen Hilfsmitteln wie digitalen Mikroskopen, interaktiven Smartboards, Apple TV`s, iPad-Klassenkoffern, Mikrofonen, Beleuchtung und einer Vielzahl von Lernsoftware ausgestattet.<\/p>\n\n\n\n<p><strong>Kollaboratives und kreatives Lernen<\/strong><\/p>\n\n\n\n<div class=\"wp-block-columns is-layout-flex wp-container-core-columns-is-layout-9d6595d7 wp-block-columns-is-layout-flex\">\n<div class=\"wp-block-column is-layout-flow wp-block-column-is-layout-flow\">\n<figure class=\"wp-block-image size-large\"><a href=\"https:\/\/www.kaemmerinternational.de\/hannover\/wp-content\/uploads\/2024\/06\/BEE_BOT.png\"><img decoding=\"async\" width=\"1024\" height=\"670\" src=\"https:\/\/www.kaemmerinternational.de\/hannover\/wp-content\/uploads\/2024\/06\/BEE_BOT-1024x670.png\" alt=\"\" class=\"wp-image-5960\" srcset=\"https:\/\/www.kaemmerinternational.de\/hannover\/wp-content\/uploads\/2024\/06\/BEE_BOT-1024x670.png 1024w, https:\/\/www.kaemmerinternational.de\/hannover\/wp-content\/uploads\/2024\/06\/BEE_BOT-300x196.png 300w, https:\/\/www.kaemmerinternational.de\/hannover\/wp-content\/uploads\/2024\/06\/BEE_BOT-768x503.png 768w, https:\/\/www.kaemmerinternational.de\/hannover\/wp-content\/uploads\/2024\/06\/BEE_BOT-1536x1005.png 1536w, https:\/\/www.kaemmerinternational.de\/hannover\/wp-content\/uploads\/2024\/06\/BEE_BOT.png 1620w\" sizes=\"(max-width: 1024px) 100vw, 1024px\" \/><\/a><\/figure>\n<\/div>\n\n\n\n<div class=\"wp-block-column is-layout-flow wp-block-column-is-layout-flow\">\n<p>Digitale Werkzeuge wie programmierbare Roboter (Bee-Bots, Ozobots) f\u00f6rdern fr\u00fche Programmierf\u00e4higkeiten und logisches Denken, indem sie digitale und analoge Ans\u00e4tze verbinden. Interaktive Smartboards erleichtern die Gruppenarbeit und f\u00f6rdern grundlegende F\u00e4higkeiten wie Kommunikation, Zusammenarbeit und Probleml\u00f6sung.<\/p>\n<\/div>\n<\/div>\n\n\n\n<p><strong>Einbeziehung der Eltern und kontinuierliche Bewertung<\/strong><\/p>\n\n\n\n<p>Eine App erm\u00f6glicht die Zusammenarbeit zwischen Zuhause und Kindertagesst\u00e4tte und erm\u00f6glicht es Eltern, sich mit den digitalen Portfolios und Newslettern ihrer Kinder auseinanderzusetzen. Das digitale Bildungskonzept wird kontinuierlich evaluiert, um sicherzustellen, dass es den sich weiterentwickelnden Bed\u00fcrfnissen der Kinder gerecht wird, wobei das Feedback von Mitarbeitern, Eltern und Kindern die Grundlage f\u00fcr Verbesserungen bildet.<\/p>\n\n\n\n<p><strong>Fazit<\/strong><\/p>\n\n\n\n<p>KIBS setzt sich daf\u00fcr ein, digitale Kompetenz zu f\u00f6rdern und gleichzeitig traditionelle Bildungswerte beizubehalten. Durch die Verkn\u00fcpfung von digitalen und analogen Praktiken gew\u00e4hrleistet KIBS eine umfassende und bereichernde fr\u00fchkindliche Bildung. Unser innovatives, flexibles und integratives Bildungsmodell bereitet Kinder auf eine technologisch fortschrittliche Gesellschaft vor und entwickelt vielseitige Pers\u00f6nlichkeiten, die f\u00fcr eine erfolgreiche Arbeit im digitalen Zeitalter vorbereitet sind.<\/p>","protected":false},"excerpt":{"rendered":"<p>Einf\u00fchrung Der zunehmende Konsum digitaler Medien bei Kindern hat die Notwendigkeit deutlich gemacht, digitale Bildung in fr\u00fchkindliche Lernumgebungen zu integrieren. Die K\u00e4mmer International Bilingual School (KIBS) m\u00f6chte diesem Bedarf Rechnung tragen, und hat ein umfassendes digitales Bildungskonzept f\u00fcr ihren Kindergarten entwickelt, das sich darauf konzentriert, das nat\u00fcrliche Interesse der Kinder an digitalen Medien zu nutzen.<\/p>\n<div><a class=\"btn-filled btn\" href=\"https:\/\/www.kaemmerinternational.de\/hannover\/digital-education-kita-concept-summary\/\" title=\"Digitale Bildung im Kindergarten: Konzeptzusammenfassung\">Read More<\/a><\/div>\n","protected":false},"author":1,"featured_media":0,"parent":0,"menu_order":0,"comment_status":"closed","ping_status":"closed","template":"","meta":{"footnotes":""},"class_list":["post-5928","page","type-page","status-publish","hentry"],"_links":{"self":[{"href":"https:\/\/www.kaemmerinternational.de\/hannover\/wp-json\/wp\/v2\/pages\/5928","targetHints":{"allow":["GET"]}}],"collection":[{"href":"https:\/\/www.kaemmerinternational.de\/hannover\/wp-json\/wp\/v2\/pages"}],"about":[{"href":"https:\/\/www.kaemmerinternational.de\/hannover\/wp-json\/wp\/v2\/types\/page"}],"author":[{"embeddable":true,"href":"https:\/\/www.kaemmerinternational.de\/hannover\/wp-json\/wp\/v2\/users\/1"}],"replies":[{"embeddable":true,"href":"https:\/\/www.kaemmerinternational.de\/hannover\/wp-json\/wp\/v2\/comments?post=5928"}],"version-history":[{"count":0,"href":"https:\/\/www.kaemmerinternational.de\/hannover\/wp-json\/wp\/v2\/pages\/5928\/revisions"}],"wp:attachment":[{"href":"https:\/\/www.kaemmerinternational.de\/hannover\/wp-json\/wp\/v2\/media?parent=5928"}],"curies":[{"name":"wp","href":"https:\/\/api.w.org\/{rel}","templated":true}]}}