{"id":4869,"date":"2022-05-20T11:23:34","date_gmt":"2022-05-20T09:23:34","guid":{"rendered":"https:\/\/www.kaemmerinternational.de\/hannover\/?page_id=4869"},"modified":"2022-06-23T15:33:56","modified_gmt":"2022-06-23T13:33:56","slug":"immersion-und-bilingualitaet","status":"publish","type":"page","link":"https:\/\/www.kaemmerinternational.de\/hannover\/immersion-und-bilingualitaet\/","title":{"rendered":"Immersion und Bilingualit\u00e4t"},"content":{"rendered":"<p>\u201eLocal roots, global understanding\u201c ist unser Motto. Wir m\u00f6chten, dass unsere Sch\u00fclerinnen und Sch\u00fcler sich in unserer Gemeinschaft verwurzelt, sicher und geborgen f\u00fchlen &#8211; unabh\u00e4ngig von ihrer urspr\u00fcnglichen Herkunft. Wir feiern alle Kulturen und Sprachen und begr\u00fc\u00dfen weltoffene Ansichten aller Religionen. In unserer Schulkultur sind Projekt- und Thementage mit internationalen und globalen Themen fest verankert. Wir diskutieren und er\u00f6rtern politische Entwicklungen auf nationaler und internationaler Ebene, lernen unsere Rechte, Freiheiten und Verantwortungen wahrzunehmen und versuchen, uns f\u00fcr Ziele, die uns am Herzen liegen, einzusetzen. Um diesen Anspr\u00fcchen gerecht zu werden, ist eine bilinguale Ausbildung f\u00fcr uns essentiell. Der Begriff bilinguale Schule ist nicht gesch\u00fctzt, daher bilden wir spezifisch nach dem Immersionsprinzip (sog. Sprachbad) aus. Lernen durch Immersion bedeutet, dass die Kinder in ein Sprache eintauchen. Sie h\u00f6ren, sprechen und lernen die Sprache in authentischen allt\u00e4glichen Zusammenh\u00e4ngen und erleben sie in ihrem gewohnten Umfeld. Sie erlernen die neue Sprache somit so nat\u00fcrlich wie ihre Muttersprache &#8211; ganz ohne Druck. Die beiden Sprachen Deutsch und Englisch in Bezug auf die Unterrichtssprache verteilen sich wie folgt:<\/p>\n\n\n\n<figure class=\"wp-block-table\"><table  class=\" table table-hover\" ><tbody><tr><td><\/td><td><strong>Englisch<\/strong><\/td><td><strong>Deutsch<\/strong><\/td><\/tr><tr><td><strong>Krippe<\/strong><\/td><td>40 %<\/td><td>60 %<\/td><\/tr><tr><td><strong>Kindergarten<\/strong><\/td><td>50 %<\/td><td>50 %<\/td><\/tr><tr><td><strong>Grundschule<\/strong><\/td><td><\/td><td><\/td><\/tr><tr><td><strong>Klassen 1 + 2<\/strong><\/td><td>90 %<\/td><td>10 %<\/td><\/tr><tr><td><strong>Klassen 3 + 4<\/strong><\/td><td>80 %<\/td><td>20 %<\/td><\/tr><tr><td><strong>Gymnasium *<\/strong><\/td><td>50 %<\/td><td>50 %<\/td><\/tr><\/tbody><\/table><figcaption>*Fachlehrkr\u00e4fte unterrichten in ihrer Muttersprache &#8211; ab der Oberstufe wird<br>der Unterricht auf Deutsch erteilt (au\u00dfer Sprachen \/ Fremdsprachen).<\/figcaption><\/figure>\n\n\n\n<div class=\"wp-block-pb-accordion-item c-accordion__item js-accordion-item no-js\" data-initially-open=\"false\" data-click-to-close=\"true\" data-auto-close=\"true\" data-scroll=\"false\" data-scroll-offset=\"0\"><h3 id=\"at-48690\" class=\"c-accordion__title js-accordion-controller\" role=\"button\">Immersion<\/h3><div id=\"ac-48690\" class=\"c-accordion__content\">\n<p>Wer in fr\u00fchen Jahren eine weitere Sprache lernt, hat einen deutlich breiteren Horizont. Das ist das Ergebnis zahlreicher Studien, die sich mit fr\u00fchem Spracherwerb besch\u00e4ftigen. Mehrsprachigkeit f\u00f6rdert zum Beispiel nicht nur kognitive und kreative Prozesse, sondern f\u00fchrt auch zu einer besseren Kommunikationsf\u00e4higkeit in der Muttersprache.<br>Wir arbeiten mit der Immersionsmethode (dem \u201eSprachbad\u201c), die weltweit als erfolgreichstes Verfahren gilt, um eine Sprache zu erlernen. Immersion kommt der Art und Weise nahe, wie ein Mensch auch seine Muttersprache lernt. Unsere aus angels\u00e4chsischen L\u00e4ndern stammenden Lehrer\/\u2010innen unterst\u00fctzen alles, was sie sagen, durch Gesten, Zeigen und mit anderen (Bild-)Materialien und technischen Hilfsmitteln &#8211; dadurch ist der Spracherwerb frei von jeglichem Druck und ungebunden an die Muttersprache, die in der Familie als Umgangssprache gilt.<\/p>\n\n\n\n<figure class=\"wp-block-embed is-type-video is-provider-youtube wp-block-embed-youtube wp-embed-aspect-16-9 wp-has-aspect-ratio\"><div class=\"wp-block-embed__wrapper\">\n<iframe hcb-fetch-image-from=\"https:\/\/www.youtube.com\/watch?v=jVkQ6BMI9SM\" title=\"Das gro\u00dfe Sprachensterben\" width=\"1140\" height=\"641\" src=\"https:\/\/www.youtube.com\/embed\/jVkQ6BMI9SM?feature=oembed\" frameborder=\"0\" allow=\"accelerometer; autoplay; clipboard-write; encrypted-media; gyroscope; picture-in-picture; web-share\" referrerpolicy=\"strict-origin-when-cross-origin\" allowfullscreen><\/iframe>\n<\/div><\/figure>\n<\/div><\/div>\n\n\n\n<div class=\"wp-block-pb-accordion-item c-accordion__item js-accordion-item no-js\" data-initially-open=\"false\" data-click-to-close=\"true\" data-auto-close=\"true\" data-scroll=\"false\" data-scroll-offset=\"0\"><h3 id=\"at-48691\" class=\"c-accordion__title js-accordion-controller\" role=\"button\">Seiteneinsteiger<\/h3><div id=\"ac-48691\" class=\"c-accordion__content\">\n<p>Um Sch\u00fclern\/Sch\u00fclerinnen aus anderen Schulen Zugang zu unser Schule und unserem Curriculum zu gew\u00e4hren, haben wir ein spezielles Seiteneinsteiger-Programm f\u00fcr unsere Grundschule und unser Gymnasium. Bei Seiteneinsteigern aus deutschen Schulen gilt es, eine teilweise betr\u00e4chtliche L\u00fccke zu f\u00fcllen \u2013 das englische Sprachverstehen und vor allem auch die schriftlichen Anforderungen im Fach Englisch m\u00fcssen an das hohe Niveau unserer Schule angepasst werden. Spezielle Immersionsstunden (separat f\u00fcr Grundschule und Gymnasium) in kleinen Gruppen (oder Einzelunterricht) sollen dabei helfen, diese Kompetenzen auszubauen und den neuen Sch\u00fclern\/Sch\u00fclerinnen schnell Selbstvertrauen zu geben. Der Rest kommt dann \u201evon ganz alleine\u201c \u2013 die Kinder saugen die neue Sprache geradezu auf und nach ein paar Wochen sind die gr\u00f6\u00dften H\u00fcrden schon \u00fcberw\u00e4ltigt. Bei Seiteneinsteigern aus dem Ausland hingegen helfen wir gezielt mit Deutschimmersionsstunden, die unterst\u00fctzend bei der Integration in unsere Schule helfen sollen. Da die Schul- und gr\u00f6\u00dftenteils auch Unterrichtssprache Englisch ist, sollte dieser Prozess in der Grundschule ausreichen. Im Gymnasium empfehlen wir zus\u00e4tzliche Deutschstunden zu organisieren, denn der Anteil an deutschsprachigen Unterrichtsanweisungen steigt mit der Jahrgangsstufe an. Um den Unterrichtsablauf der anderen Stunden nicht zu beeinflussen, suchen wir uns p\u00e4dagogisch sinnvolle Zeitpunkte f\u00fcr diesen w\u00f6chentlichen Unterricht aus. Inwiefern zus\u00e4tzliche Interventionen notwendig sind, kommt auf den individuellen Leistungs- und Sprachenstand des neuen Sch\u00fclers \/ der neuen Sch\u00fclerin an. Durch unser Probetagesystem werden wir genau erkennen, wie wir unsere Seiteneinsteiger bestens bei dem Einstieg in unser Schulkonzept unterst\u00fctzen k\u00f6nnen. Nat\u00fcrlich werden Fortschritte und andere Ver\u00e4nderungen auch noch in den Monaten nach dem Einstieg genau beobachtet und evaluiert und Eltern werden regelm\u00e4\u00dfig \u00fcber eventuelle zus\u00e4tzliche F\u00f6rderma\u00dfnahmen informiert.<\/p>\n<\/div><\/div>\n\n\n\n<div class=\"wp-block-pb-accordion-item c-accordion__item js-accordion-item no-js\" data-initially-open=\"false\" data-click-to-close=\"true\" data-auto-close=\"true\" data-scroll=\"false\" data-scroll-offset=\"0\"><h3 id=\"at-48692\" class=\"c-accordion__title js-accordion-controller\" role=\"button\">Sprachen bei KIBS<\/h3><div id=\"ac-48692\" class=\"c-accordion__content\">\n<p>In der Grundschule konzentrieren wir uns auf die Entwicklung unserer beiden Kernsprachen Englisch und Deutsch. Ab der 5. Klasse kommt dann Spanisch dazu und in der 7. Klasse w\u00e4hlen die Sch\u00fclerinnen und Sch\u00fcler dann zwischen Franz\u00f6sisch, Latein und Chinesisch. Sch\u00fcler*innen, die an anerkannten Au\u00dfenstellen herkunftssprachlichen Unterricht besuchen, k\u00f6nnen sich dies auch auf unserem Zeugnis best\u00e4tigen lassen.<\/p>\n<\/div><\/div>\n\n\n\n<div class=\"wp-block-pb-accordion-item c-accordion__item js-accordion-item no-js\" data-initially-open=\"false\" data-click-to-close=\"true\" data-auto-close=\"true\" data-scroll=\"false\" data-scroll-offset=\"0\"><h3 id=\"at-48693\" class=\"c-accordion__title js-accordion-controller\" role=\"button\">Cambridge Pr\u00fcfungen<\/h3><div id=\"ac-48693\" class=\"c-accordion__content\">\n<p>Jedes Jahr finden bei uns in der Schule die Cambridge Pr\u00fcfungen statt. In der Grundschule gibt es die Young Learners Exams, im Gymnasium geht es mit den KEY\/KET, PET, FCE und CAE Pr\u00fcfungen weiter. Die<br>Pr\u00fcfungsergebnisse richten sich am Gemeinsamen Europ\u00e4ischen Referenzrahmen (GER) und werden von tausenden Organisationen weltweit gesch\u00e4tzt und anerkannt. Sie sind somit ein G\u00fctesiegel und \u00f6ffnen T\u00fcren zu spannendend Studien- und Arbeitsm\u00f6glichkeiten.<\/p>\n\n\n\n<p>Hier k\u00f6nnen Sie mehr \u00fcber die Pr\u00fcfungen herausfinden:<\/p>\n\n\n\n<p><a href=\"https:\/\/www.cambridgeenglish.org\/de\/exams-and-tests\/qualifications\/schools\/\" target=\"_blank\" rel=\"noreferrer noopener\">https:\/\/www.cambridgeenglish.org\/de\/exams-and-tests\/qualifications\/schools\/<\/a><\/p>\n\n\n\n<figure class=\"wp-block-image size-full\"><a href=\"https:\/\/www.cambridgeenglish.org\/de\/exams-and-tests\/qualifications\/schools\/\" target=\"_blank\" rel=\"noreferrer noopener\"><img fetchpriority=\"high\" decoding=\"async\" width=\"1010\" height=\"195\" src=\"https:\/\/www.kaemmerinternational.de\/hannover\/wp-content\/uploads\/2022\/06\/Authorised_Centre.png\" alt=\"\" class=\"wp-image-5226\" srcset=\"https:\/\/www.kaemmerinternational.de\/hannover\/wp-content\/uploads\/2022\/06\/Authorised_Centre.png 1010w, https:\/\/www.kaemmerinternational.de\/hannover\/wp-content\/uploads\/2022\/06\/Authorised_Centre-300x58.png 300w, https:\/\/www.kaemmerinternational.de\/hannover\/wp-content\/uploads\/2022\/06\/Authorised_Centre-768x148.png 768w\" sizes=\"(max-width: 1010px) 100vw, 1010px\" \/><\/a><\/figure>\n<\/div><\/div>","protected":false},"excerpt":{"rendered":"<p>\u201eLocal roots, global understanding\u201c ist unser Motto. Wir m\u00f6chten, dass unsere Sch\u00fclerinnen und Sch\u00fcler sich in unserer Gemeinschaft verwurzelt, sicher und geborgen f\u00fchlen &#8211; unabh\u00e4ngig von ihrer urspr\u00fcnglichen Herkunft. Wir feiern alle Kulturen und Sprachen und begr\u00fc\u00dfen weltoffene Ansichten aller Religionen. In unserer Schulkultur sind Projekt- und Thementage mit internationalen und globalen Themen fest verankert.<\/p>\n<div><a class=\"btn-filled btn\" href=\"https:\/\/www.kaemmerinternational.de\/hannover\/immersion-und-bilingualitaet\/\" title=\"Immersion und Bilingualit\u00e4t\">Read More<\/a><\/div>\n","protected":false},"author":1,"featured_media":0,"parent":0,"menu_order":0,"comment_status":"closed","ping_status":"closed","template":"","meta":{"footnotes":""},"class_list":["post-4869","page","type-page","status-publish","hentry"],"_links":{"self":[{"href":"https:\/\/www.kaemmerinternational.de\/hannover\/wp-json\/wp\/v2\/pages\/4869","targetHints":{"allow":["GET"]}}],"collection":[{"href":"https:\/\/www.kaemmerinternational.de\/hannover\/wp-json\/wp\/v2\/pages"}],"about":[{"href":"https:\/\/www.kaemmerinternational.de\/hannover\/wp-json\/wp\/v2\/types\/page"}],"author":[{"embeddable":true,"href":"https:\/\/www.kaemmerinternational.de\/hannover\/wp-json\/wp\/v2\/users\/1"}],"replies":[{"embeddable":true,"href":"https:\/\/www.kaemmerinternational.de\/hannover\/wp-json\/wp\/v2\/comments?post=4869"}],"version-history":[{"count":0,"href":"https:\/\/www.kaemmerinternational.de\/hannover\/wp-json\/wp\/v2\/pages\/4869\/revisions"}],"wp:attachment":[{"href":"https:\/\/www.kaemmerinternational.de\/hannover\/wp-json\/wp\/v2\/media?parent=4869"}],"curies":[{"name":"wp","href":"https:\/\/api.w.org\/{rel}","templated":true}]}}