{"id":4865,"date":"2022-05-20T11:23:16","date_gmt":"2022-05-20T09:23:16","guid":{"rendered":"https:\/\/www.kaemmerinternational.de\/hannover\/?page_id=4865"},"modified":"2022-06-23T16:30:53","modified_gmt":"2022-06-23T14:30:53","slug":"sozial-emotionales-lernen","status":"publish","type":"page","link":"https:\/\/www.kaemmerinternational.de\/hannover\/sozial-emotionales-lernen\/","title":{"rendered":"Sozial-emotionales Lernen"},"content":{"rendered":"<p>Das sozial-emotionale Lernen wird bei uns als gleichwertig zum akademischen Lernen angesehen. So f\u00f6rdern wir neben Lernerfolgen auch verschiedene F\u00e4hig- und Fertigkeiten wie z. B. Empathie, selbstst\u00e4ndiges Lernen, gute Taten, stetiges Bem\u00fchen und andere Leistungen (Unterst\u00fctzung Gleichaltriger, Mut, Einsatz f\u00fcr andere). Ein weiterer Teil dieses Begleitsystems ist der Aufbau von Beziehungen zwischen Sch\u00fclern verschiedener Altersgruppen, um das Gemeinschaftsgef\u00fchl zu st\u00e4rken.<\/p>\n\n\n\n<p>Unsere Sch\u00fclerinnen und Sch\u00fcler bewegen sich in vielerlei Hinsicht von der Abh\u00e4ngigkeit zur Unabh\u00e4ngigkeit &#8211; sie engagieren sich intensiv im Schulleben und \u00fcbernehmen von klein auf Verantwortung.<\/p>\n\n\n\n<div class=\"wp-block-pb-accordion-item c-accordion__item js-accordion-item no-js\" data-initially-open=\"false\" data-click-to-close=\"true\" data-auto-close=\"true\" data-scroll=\"false\" data-scroll-offset=\"0\"><h3 id=\"at-48650\" class=\"c-accordion__title js-accordion-controller\" role=\"button\">Partizipation in der KiTa<\/h3><div id=\"ac-48650\" class=\"c-accordion__content\">\n<p>\u201eKinder haben das Recht, an allen sie betreffenden Entscheidungen entsprechend ihrem Entwicklungsstand beteiligt zu werden. Es ist zugleich ein Recht, sich nicht zu beteiligen. Dieser Freiwilligkeit seitens der Kinder, ihr Recht auszu\u00fcben, steht die Verpflichtung der Erwachsenen gegen\u00fcber, Kinder zu beteiligen, ihr Interesse f\u00fcr Beteiligung zu wecken.\u201c<br>(Artikel 12 der UN-Kinderrechtskonvention)<\/p>\n\n\n\n<p>Wir haben ein eigenes Verfahren der Beteiligung mit den Kindern entwickelt, dass wir regelm\u00e4\u00dfig reflektieren. Die Kinder werden durch situatives Arbeiten in Entscheidungen mit einbezogen. Sie bekommen die M\u00f6glichkeit situationsabh\u00e4ngig Entscheidungen alleine oder mit Unterst\u00fctzung der Erzieher zu treffen. Die Kinder werden bef\u00e4higt frei ihre Meinung, als auch Kritik zu \u00e4u\u00dfern. Ihnen wird zugeh\u00f6rt und es wird gemeinsam nach neuen Ideen f\u00fcr Ver\u00e4nderungen gesammelt.<\/p>\n<\/div><\/div>\n\n\n\n<div class=\"wp-block-pb-accordion-item c-accordion__item js-accordion-item no-js\" data-initially-open=\"false\" data-click-to-close=\"true\" data-auto-close=\"true\" data-scroll=\"false\" data-scroll-offset=\"0\"><h3 id=\"at-48651\" class=\"c-accordion__title js-accordion-controller\" role=\"button\">House System<\/h3><div id=\"ac-48651\" class=\"c-accordion__content\">\n<p>Bei KIBS haben wir ein House System. Das House System unterst\u00fctzt die akademischen Entwicklungen der Sch\u00fclerinnen und Sch\u00fcler dadurch, dass sozial-emotionales Lernen als gleichwertig angesehen wird. Dies wirkt sich f\u00f6rdernd auf das Selbstbewusstsein aus und gibt den Sch\u00fclerinnen und Sch\u00fclern das Gef\u00fchl, dass alle Talente wertgesch\u00e4tzt werden. Durch die Verankerung mit unserer Sch\u00fclervertretung haben alle Sch\u00fclerinnen und Sch\u00fcler die Gelegenheit, ihre Schule demokratisch mit- und weiter zu gestalten.<br><br>Jedes Kind wird einem der drei H\u00e4user zugeordnet &#8211; Leibniz, Lessing oder Busch. Es erh\u00e4lt individuell Hauspunkte, die z. B. f\u00fcr hervorragende Leistungen, dem Zeigen von Mitgef\u00fchl (Empathie), Demonstrationen des selbstst\u00e4ndigen Lernens, gute Taten, stetiges Bem\u00fchen, akademische Erfolge und andere Sch\u00fclerleistungen (Unterst\u00fctzung Gleichaltriger, Mut, Einsatz f\u00fcr andere). Wenn die Sch\u00fclerinnen und Sch\u00fcler 30,60,100,150 oder 200 Hauspunkte erreichen, werden sie mit Zertifikaten und Auszeichnungen in der Schulversammlung anerkannt. Wir m\u00f6chten so die positiven Handlungen hervorheben, denn wir glauben daran, dass positive Erfahrungen die Freude am Lernen weiterhin st\u00e4rken und dass Kinder &#8211; nicht nur akademisch &#8211; in vielerlei Hinsicht erfolgreich sein k\u00f6nnen. &nbsp;<br>Ein weiterer Teil dieses akademischen Begleitsystems ist der Aufbau von Beziehungen zwischen Sch\u00fclern verschiedener Altersgruppen, um das Gemeinschaftsgef\u00fchl zu st\u00e4rken. Unsere Sch\u00fclerinnen und Sch\u00fcler bewegen sich in vielerlei Hinsicht von der Abh\u00e4ngigkeit zur Unabh\u00e4ngigkeit. Sie engagieren sich intensiv im Schulleben und \u00fcbernehmen von klein auf Verantwortung.<br>&nbsp;<br>Die an unser House System gebundene Sch\u00fclervertretung gew\u00e4hrleistet die Zusammenarbeit auf verschiedenen Ebenen. Unsere Sch\u00fclerInnen \u00fcbernehmen nach demokratischen Wahlprozessen unterschiedliche Rollen. Beginnend in der Primary als House Captains und Vice-House Captains und<br>Klassenvertreter\/innen. Diese Sch\u00fcler treffen sich regelm\u00e4\u00dfig mit ihren Heads of House, den Schulleitungen um Ideen zu entwickeln, wie wir unsere Schule noch besser machen k\u00f6nnen.<\/p>\n\n\n\n<figure class=\"wp-block-embed is-type-video is-provider-youtube wp-block-embed-youtube wp-embed-aspect-16-9 wp-has-aspect-ratio\"><div class=\"wp-block-embed__wrapper\">\nhttps:\/\/www.youtube.com\/watch?v=EdKgmUaGoRs\n<\/div><\/figure>\n\n\n\n<p>Hier ist eine Grafik, die unser House System darstellt:<\/p>\n\n\n\n<figure class=\"wp-block-image size-large\"><a href=\"https:\/\/www.kaemmerinternational.de\/hannover\/wp-content\/uploads\/2022\/06\/House-System.jpg\"><img fetchpriority=\"high\" decoding=\"async\" width=\"1024\" height=\"688\" src=\"https:\/\/www.kaemmerinternational.de\/hannover\/wp-content\/uploads\/2022\/06\/House-System-1024x688.jpg\" alt=\"\" class=\"wp-image-5054\" srcset=\"https:\/\/www.kaemmerinternational.de\/hannover\/wp-content\/uploads\/2022\/06\/House-System-1024x688.jpg 1024w, https:\/\/www.kaemmerinternational.de\/hannover\/wp-content\/uploads\/2022\/06\/House-System-300x202.jpg 300w, https:\/\/www.kaemmerinternational.de\/hannover\/wp-content\/uploads\/2022\/06\/House-System-768x516.jpg 768w, https:\/\/www.kaemmerinternational.de\/hannover\/wp-content\/uploads\/2022\/06\/House-System-1536x1032.jpg 1536w, https:\/\/www.kaemmerinternational.de\/hannover\/wp-content\/uploads\/2022\/06\/House-System.jpg 1905w\" sizes=\"(max-width: 1024px) 100vw, 1024px\" \/><\/a><\/figure>\n<\/div><\/div>\n\n\n\n<div class=\"wp-block-pb-accordion-item c-accordion__item js-accordion-item no-js\" data-initially-open=\"false\" data-click-to-close=\"true\" data-auto-close=\"true\" data-scroll=\"false\" data-scroll-offset=\"0\"><h3 id=\"at-48652\" class=\"c-accordion__title js-accordion-controller\" role=\"button\">Student Leadership<\/h3><div id=\"ac-48652\" class=\"c-accordion__content\">\n<p>Es ist uns wichtig, dass unsere Kinder von klein an lernen, Verantwortung zu \u00fcbernehmen, Entscheidungen abzuw\u00e4gen und zu treffen, und sich f\u00fcr andere einsetzen. Im Kindergarten werden im Partizipationskonzept alle Kindergartenkinder altersgerecht mit eingebunden. In der Schule w\u00e4hlen unsere Klassen j\u00e4hrlich Klassensprecher<em>innen<\/em> f\u00fcr die jeweiligen Klassen. Zus\u00e4tzlich w\u00e4hlen die Sch\u00fcler<em>innen<\/em> und Sch\u00fcler der Grundschule ihre House Captains und im Gymnasium die Presidents der H\u00e4user. In der Grundschule haben unsere Sch\u00fclerinnen und Sch\u00fcler zus\u00e4tzlich die M\u00f6glichkeit, sich als iHero zu bewerben (Sch\u00fcler, die anderen bei der Implementation von Technologie helfen und verschiedene Weiterbildungen machen). Nicht nur werden so die demokratischen Grundprinzipien vorgelebt, auch leichte F\u00fchrungsaufgaben helfen unseren gew\u00e4hlten Vertreter<em>innen<\/em>, Verantwortung zu \u00fcbernehmen und andere Meinungen zu akzeptieren.<\/p>\n\n\n\n<p><a rel=\"noreferrer noopener\" href=\"https:\/\/www.kaemmerinternational.de\/hannover\/grundschule\/#at-811\" data-type=\"page\" data-id=\"8\">Hier k\u00f6nnen Sie mehr \u00fcber unsere gew\u00e4hlten Sch\u00fclervertretungen herausfinden<\/a><\/p>\n<\/div><\/div>\n\n\n\n<div class=\"wp-block-pb-accordion-item c-accordion__item js-accordion-item no-js\" data-initially-open=\"false\" data-click-to-close=\"true\" data-auto-close=\"true\" data-scroll=\"false\" data-scroll-offset=\"0\"><h3 id=\"at-48653\" class=\"c-accordion__title js-accordion-controller\" role=\"button\">Mentoring<\/h3><div id=\"ac-48653\" class=\"c-accordion__content\">\n<p>Unsere Grundsch\u00fcler werden strategisch gef\u00f6rdert und akademische, emotionale und soziale Anforderungen werden detailliert von den Lehrern aufgenommen und betreut. Aus individuellen Mentoring-Gespr\u00e4chen mit den Klassenlehrern, viermal pro Schuljahr, resultieren spezifische Zielsetzungen, \u00fcber die auch die Kinder Kontrolle haben und so ihre eigene Schulbildung von Anfang an aktiv mitbegleiten. Wir m\u00f6chten sichergehen, dass alle Talente der Sch\u00fcler\/innen als gleichwertig erkannt werden und so das Selbstbewusstsein auf emotionaler Basis gleichzeitig mit den akademischen Kompetenzen aufbauen und st\u00e4rken.<\/p>\n\n\n\n<p><a rel=\"noreferrer noopener\" href=\"https:\/\/www.kaemmerinternational.de\/hannover\/grundschule\/#at-811\" data-type=\"page\" data-id=\"8\">Die besonderen Merkmale unserer Grundschule<\/a><\/p>\n<\/div><\/div>\n\n\n\n<div class=\"wp-block-pb-accordion-item c-accordion__item js-accordion-item no-js\" data-initially-open=\"false\" data-click-to-close=\"true\" data-auto-close=\"true\" data-scroll=\"false\" data-scroll-offset=\"0\"><h3 id=\"at-48654\" class=\"c-accordion__title js-accordion-controller\" role=\"button\">Mentale Gesundheit und Wohlbefinden<\/h3><div id=\"ac-48654\" class=\"c-accordion__content\">\n<p>Unsere Welt, Erwartungshaltungen und aktuelle Geschehnisse k\u00f6nnen f\u00fcr alle belastend sein &#8211; auch Kinder bleiben davon nicht unber\u00fchrt. Unsere Erzieher und Lehrkr\u00e4fte haben f\u00fcr die Sorgen und \u00c4ngste immer ein offenes Ohr und helfen so, dass der Austausch im offenen Gespr\u00e4ch eine zus\u00e4tzliche<br>Unterst\u00fctzungsebene f\u00fcr die Entwicklung der Kinder bietet.<\/p>\n\n\n\n<p>In der Grundschule haben wir zus\u00e4tzlich einen Kalendar mit monatlich wechselnden Themenbereichen f\u00fcr unsere Lehrkr\u00e4fte und Sch\u00fcler*innen zu mentaler Gesundheit. Zusammen sprechen wir \u00fcber verschiedene Entspannungstechiken, machen Yoga oder meditieren und sprechen in gemeinsamen Projekten \u00fcber die monatlichen Schwerpunkte.<\/p>\n\n\n\n<p><a rel=\"noreferrer noopener\" href=\"https:\/\/www.kaemmerinternational.de\/hannover\/wp-content\/uploads\/2022\/06\/Wellbeing-Calendar.pdf\" data-type=\"URL\" data-id=\"https:\/\/www.kaemmerinternational.de\/hannover\/wp-content\/uploads\/2022\/06\/Wellbeing-Calendar.pdf\" target=\"_blank\">In unserem Mental Health Calendar k\u00f6nnen Sie mehr \u00fcber diese Themen herausfinden<\/a><\/p>\n<\/div><\/div>","protected":false},"excerpt":{"rendered":"<p>Das sozial-emotionale Lernen wird bei uns als gleichwertig zum akademischen Lernen angesehen. So f\u00f6rdern wir neben Lernerfolgen auch verschiedene F\u00e4hig- und Fertigkeiten wie z. B. Empathie, selbstst\u00e4ndiges Lernen, gute Taten, stetiges Bem\u00fchen und andere Leistungen (Unterst\u00fctzung Gleichaltriger, Mut, Einsatz f\u00fcr andere). Ein weiterer Teil dieses Begleitsystems ist der Aufbau von Beziehungen zwischen Sch\u00fclern verschiedener Altersgruppen,<\/p>\n<div><a class=\"btn-filled btn\" href=\"https:\/\/www.kaemmerinternational.de\/hannover\/sozial-emotionales-lernen\/\" title=\"Sozial-emotionales Lernen\">Read More<\/a><\/div>\n","protected":false},"author":1,"featured_media":0,"parent":0,"menu_order":0,"comment_status":"closed","ping_status":"closed","template":"","meta":{"footnotes":""},"class_list":["post-4865","page","type-page","status-publish","hentry"],"_links":{"self":[{"href":"https:\/\/www.kaemmerinternational.de\/hannover\/wp-json\/wp\/v2\/pages\/4865","targetHints":{"allow":["GET"]}}],"collection":[{"href":"https:\/\/www.kaemmerinternational.de\/hannover\/wp-json\/wp\/v2\/pages"}],"about":[{"href":"https:\/\/www.kaemmerinternational.de\/hannover\/wp-json\/wp\/v2\/types\/page"}],"author":[{"embeddable":true,"href":"https:\/\/www.kaemmerinternational.de\/hannover\/wp-json\/wp\/v2\/users\/1"}],"replies":[{"embeddable":true,"href":"https:\/\/www.kaemmerinternational.de\/hannover\/wp-json\/wp\/v2\/comments?post=4865"}],"version-history":[{"count":0,"href":"https:\/\/www.kaemmerinternational.de\/hannover\/wp-json\/wp\/v2\/pages\/4865\/revisions"}],"wp:attachment":[{"href":"https:\/\/www.kaemmerinternational.de\/hannover\/wp-json\/wp\/v2\/media?parent=4865"}],"curies":[{"name":"wp","href":"https:\/\/api.w.org\/{rel}","templated":true}]}}