{"id":4402,"date":"2020-01-10T12:41:08","date_gmt":"2020-01-10T11:41:08","guid":{"rendered":"https:\/\/www.kaemmerinternational.de\/hannover\/?page_id=4402"},"modified":"2022-10-04T16:28:32","modified_gmt":"2022-10-04T14:28:32","slug":"apple-distinguished-school","status":"publish","type":"page","link":"https:\/\/www.kaemmerinternational.de\/hannover\/ueber-uns\/apple-distinguished-school\/","title":{"rendered":"KIBS bleibt &#8220;Apple Distinguished School&#8221;"},"content":{"rendered":"<p><strong>K\u00e4mmer International Bilingual School ist erfolgreich rezertifiziert<\/strong><\/p>\n\n\n\n<p><em>Die K\u00e4mmer International Bilingual School (KIBS) hat die Rezertifizierung f\u00fcr die erneute Auszeichnung als \u201eApple Distinguished School\u201c erfolgreich absolviert und tr\u00e4gt den Titel auch f\u00fcr die kommenden drei Jahre.<\/em><\/p>\n\n\n\n<p>KIBS wird damit von Apple bis 2025 als herausragende Einrichtung anerkannt, die Innovation, F\u00fchrungsqualit\u00e4ten und hervorragende p\u00e4dagogische Leistungen verbindet.<\/p>\n\n\n\n<p>\u201eDie Apple-Technologie hilft uns t\u00e4glich, den Unterricht an die Bed\u00fcrfnisse unserer Sch\u00fcler:innen anzupassen\u201c, so KIBS-Gesch\u00e4ftsf\u00fchrerin Heike Eckhoff. Die Produkte erlauben KIBS schon seit langem eine kreativere Herangehensweise an Inhalte und unterst\u00fctzen das hohe Tempo des Sch\u00fclerlebens, in dem neue Herausforderungen willkommen sind. \u201eWir sind stolz darauf, dass die kreative Arbeit unserer Lehrkr\u00e4fte und Sch\u00fclerinnen und Sch\u00fcler mit dieser Auszeichnung gew\u00fcrdigt wird und wir freuen uns schon darauf, uns neue, innovative Ziele f\u00fcr die n\u00e4chsten drei Jahre zu setzen\u201c, so Maren Clarke, p\u00e4dagogische Leiterin der KIBS. <a href=\"https:\/\/www.kaemmerinternational.de\/hannover\/wp-content\/uploads\/2022\/09\/KIBS_ADS_Recertification_2022-.pdf\">Hier finden Sie Details zu unserer Rezertifizierung.<\/a> <\/p>\n\n\n\n<p>Die Auswahl von KIBS als Apple Distinguished School unterstreicht bereits seit mehr als drei Jahren den Erfolg der bilingualen Schule mit einer innovativen und attraktiven Lernumgebung, die die Lernenden erfolgreich motiviert. \u201eGerade seit Beginn der Corona-Pandemie konnte uns die vorhandene Apple-Technologie gleich von Anfang an unterst\u00fctzen\u201c, so Heike Eckhoff. \u201eWir konnten auf vorhandene Strukturen zur\u00fcckgreifen, die nicht erst neu eingef\u00fchrt werden mussten.\u201c&nbsp;<\/p>\n\n\n\n<p>Neben den kommunikativen F\u00e4higkeiten der KIBS-Sch\u00fclerinnen und -Sch\u00fcler werden besonders die Freude am Lernen, Aufgeschlossenheit, Kreativit\u00e4t, Kollaboration und kritisches Denken bereits ab der ersten Klasse im handlungsorientierten Unterricht spielerisch gef\u00f6rdert. Coding\/Programmieren ist schon ab der ersten Klasse fest im Grundschulcurriculum verankert. Mit Schoolwork gelingt es u. a. Lernentwicklungen zeitnah zu dokumentieren und den Sch\u00fcler:innen ein individuelles und flexibles Lernerlebnis ab der f\u00fcnften Klasse zu bieten. Jeder Lernende erh\u00e4lt so die M\u00f6glichkeit, durch zeit- und ortsunabh\u00e4ngigen Zugriff auch interaktive Lernmaterialien bis zu einem Drittel des Curriculums eigenverantwortlich und selbst\u00e4ndig zu erarbeiten.<\/p>\n\n\n\n<p><em>Apple Distinguished Schools sind Zentren f\u00fcr Innovation, F\u00fchrungsqualit\u00e4t und herausragende Bildung, die mithilfe von Apple Produkten Kreativit\u00e4t, Zusammenarbeit und kritisches Denken f\u00f6rdern. Sie zeichnen sich durch innovative Nutzung von Technologie beim Lernen, Unterrichten und in der Schulumgebung aus und k\u00f6nnen akademische Erfolge vorweisen. <\/em><em><\/em><\/p>\n\n\n\n<p><em>KIBS steht f\u00fcr eine Vision. Wir haben eine etwas andere Schulform geschaffen, die den steigenden Bildungsanspr\u00fcchen der Zukunft gerecht wird: Eine Schule nach deutschem Schulrecht, nach deutschen Curricula, aber gleichzeitig bilingual mit Englisch als Ziel und Handlungssprache. <\/em><\/p>\n\n\n\n<p>Unser eBook ist verf\u00fcgbar auf Apple Books.<\/p>","protected":false},"excerpt":{"rendered":"<p>K\u00e4mmer International Bilingual School ist erfolgreich rezertifiziert Die K\u00e4mmer International Bilingual School (KIBS) hat die Rezertifizierung f\u00fcr die erneute Auszeichnung als \u201eApple Distinguished School\u201c erfolgreich absolviert und tr\u00e4gt den Titel auch f\u00fcr die kommenden drei Jahre. KIBS wird damit von Apple bis 2025 als herausragende Einrichtung anerkannt, die Innovation, F\u00fchrungsqualit\u00e4ten und hervorragende p\u00e4dagogische Leistungen verbindet.<\/p>\n<div><a class=\"btn-filled btn\" href=\"https:\/\/www.kaemmerinternational.de\/hannover\/ueber-uns\/apple-distinguished-school\/\" title=\"KIBS bleibt &#8220;Apple Distinguished School&#8221;\">Read More<\/a><\/div>\n","protected":false},"author":1,"featured_media":0,"parent":95,"menu_order":0,"comment_status":"closed","ping_status":"closed","template":"","meta":{"footnotes":""},"class_list":["post-4402","page","type-page","status-publish","hentry"],"_links":{"self":[{"href":"https:\/\/www.kaemmerinternational.de\/hannover\/wp-json\/wp\/v2\/pages\/4402","targetHints":{"allow":["GET"]}}],"collection":[{"href":"https:\/\/www.kaemmerinternational.de\/hannover\/wp-json\/wp\/v2\/pages"}],"about":[{"href":"https:\/\/www.kaemmerinternational.de\/hannover\/wp-json\/wp\/v2\/types\/page"}],"author":[{"embeddable":true,"href":"https:\/\/www.kaemmerinternational.de\/hannover\/wp-json\/wp\/v2\/users\/1"}],"replies":[{"embeddable":true,"href":"https:\/\/www.kaemmerinternational.de\/hannover\/wp-json\/wp\/v2\/comments?post=4402"}],"version-history":[{"count":0,"href":"https:\/\/www.kaemmerinternational.de\/hannover\/wp-json\/wp\/v2\/pages\/4402\/revisions"}],"up":[{"embeddable":true,"href":"https:\/\/www.kaemmerinternational.de\/hannover\/wp-json\/wp\/v2\/pages\/95"}],"wp:attachment":[{"href":"https:\/\/www.kaemmerinternational.de\/hannover\/wp-json\/wp\/v2\/media?parent=4402"}],"curies":[{"name":"wp","href":"https:\/\/api.w.org\/{rel}","templated":true}]}}