{"id":405,"date":"2011-04-15T21:40:42","date_gmt":"2011-04-15T19:40:42","guid":{"rendered":"http:\/\/www.kaemmerinternational.de\/hannover\/?page_id=405"},"modified":"2025-03-18T09:46:57","modified_gmt":"2025-03-18T08:46:57","slug":"aufnahmeverfahren","status":"publish","type":"page","link":"https:\/\/www.kaemmerinternational.de\/hannover\/aufnahmeverfahren\/","title":{"rendered":"Aufnahmeverfahren"},"content":{"rendered":"<p>Bei der K\u00e4mmer International Bilingual School begegnen sich Sch\u00fcler mit verschiedenen famili\u00e4ren und kulturellen Hintergr\u00fcnden und mit unterschiedlichen Neigungen und Talenten \u2013 davon lebt unsere Schule. Wir setzen bei den Eltern au\u00dferdem ein hohes Interesse an Bildung und die Bereitschaft, sich selbst f\u00fcr diese einzusetzen, voraus.<br>KIBS achtet darauf, dass ungef\u00e4hr die gleiche Anzahl von M\u00e4dchen und Jungen aufgenommen, sowie ein ausgewogenes Verh\u00e4ltnis von Kindern aus verm\u00f6genden und weniger verm\u00f6genden Elternh\u00e4usern besteht. Eine bevorzugte Vergabe erfolgt bei Geschwisterkindern.<\/p>\n\n\n\n<p><strong>Anmeldung f\u00fcr Schule oder Kindergarten<\/strong><\/p>\n\n\n\n<p>Bitte f\u00fcllen Sie zun\u00e4chst das <a href=\"https:\/\/www.kaemmerinternational.de\/hannover\/application-form\/\" data-type=\"page\" data-id=\"5479\"><strong>Formular<\/strong><\/a> aus, wenn Sie Ihr Kind f\u00fcr einen Platz bei KIBS anmelden m\u00f6chten. Nach Versand erhalten Sie eine automatisierte Antwort mit einem Ausblick auf die n\u00e4chsten Schritte. Bei einer Anmeldung f\u00fcr die Schule erhalten Sie au\u00dferdem einen Link zum Schulgeldrechner. Das ausgef\u00fcllte Formular ist noch nicht rechtlich bindend.  <\/p>\n\n\n\n<p><strong>Postadresse:<\/strong><br>K\u00e4mmer International Bilingual School<br>KIBS Admission<br>Paderborner Str. 1<br>30539 Hannover<\/p>\n\n\n\n<p>oder per E-Mail an <a href=\"mailto:hannover2@oks.de\" data-wplink-edit=\"true\">hannover2@oks.de<\/a><\/p>","protected":false},"excerpt":{"rendered":"<p>Bei der K\u00e4mmer International Bilingual School begegnen sich Sch\u00fcler mit verschiedenen famili\u00e4ren und kulturellen Hintergr\u00fcnden und mit unterschiedlichen Neigungen und Talenten \u2013 davon lebt unsere Schule. Wir setzen bei den Eltern au\u00dferdem ein hohes Interesse an Bildung und die Bereitschaft, sich selbst f\u00fcr diese einzusetzen, voraus.KIBS achtet darauf, dass ungef\u00e4hr die gleiche Anzahl von M\u00e4dchen<\/p>\n<div><a class=\"btn-filled btn\" href=\"https:\/\/www.kaemmerinternational.de\/hannover\/aufnahmeverfahren\/\" title=\"Aufnahmeverfahren\">Read More<\/a><\/div>\n","protected":false},"author":1,"featured_media":0,"parent":0,"menu_order":6,"comment_status":"closed","ping_status":"closed","template":"","meta":{"footnotes":""},"class_list":["post-405","page","type-page","status-publish","hentry"],"_links":{"self":[{"href":"https:\/\/www.kaemmerinternational.de\/hannover\/wp-json\/wp\/v2\/pages\/405","targetHints":{"allow":["GET"]}}],"collection":[{"href":"https:\/\/www.kaemmerinternational.de\/hannover\/wp-json\/wp\/v2\/pages"}],"about":[{"href":"https:\/\/www.kaemmerinternational.de\/hannover\/wp-json\/wp\/v2\/types\/page"}],"author":[{"embeddable":true,"href":"https:\/\/www.kaemmerinternational.de\/hannover\/wp-json\/wp\/v2\/users\/1"}],"replies":[{"embeddable":true,"href":"https:\/\/www.kaemmerinternational.de\/hannover\/wp-json\/wp\/v2\/comments?post=405"}],"version-history":[{"count":0,"href":"https:\/\/www.kaemmerinternational.de\/hannover\/wp-json\/wp\/v2\/pages\/405\/revisions"}],"wp:attachment":[{"href":"https:\/\/www.kaemmerinternational.de\/hannover\/wp-json\/wp\/v2\/media?parent=405"}],"curies":[{"name":"wp","href":"https:\/\/api.w.org\/{rel}","templated":true}]}}