{"id":3057,"date":"2016-08-31T14:12:57","date_gmt":"2016-08-31T12:12:57","guid":{"rendered":"http:\/\/www.kaemmerinternational.de\/hannover\/?page_id=3057"},"modified":"2022-06-23T08:10:46","modified_gmt":"2022-06-23T06:10:46","slug":"leitbild","status":"publish","type":"page","link":"https:\/\/www.kaemmerinternational.de\/hannover\/ueber-uns\/leitbild\/","title":{"rendered":"Leitbild"},"content":{"rendered":"<p>Bei KIBS wird das Kind mit einem Englisch- und Deutsch-Immersionsprogramm ganzheitlich gebildet. Wir setzen zeitgem\u00e4\u00dfe Technologien ein, um die f\u00fcr das 21. Jahrhundert notwendigen Kompetenzen zu entwickeln und zu f\u00f6rdern. Damit bereiten wir unsere Sch\u00fclerinnen und Sch\u00fcler auf ihr zuk\u00fcnftiges Arbeitsleben als selbstbestimmte Weltb\u00fcrgerinnen und Weltb\u00fcrger vor.<\/p>\n\n\n\n<p>Wir unterrichten Kinder aus Deutschland und der ganzen Welt, die Hannover und die Region als ihren Wohn- und Lernort bezeichnen. Wir haben ein sicheres Umfeld durch ein modernes, deutsches und internationales Curriculum mit individuellen Lehr- und Lernans\u00e4tzen geschaffen.<\/p>\n\n\n\n<p>Dies f\u00f6rdert Kreativit\u00e4t und erm\u00f6glicht allen Sch\u00fclerinnen und Sch\u00fclern, sich weiterzuentwickeln. Durch unsere gut ausgebildeten und begeisternden P\u00e4dagogen f\u00f6rdern wir in unserem fachbezogenen und sozial-emotionalen Lernsystem ein Gleichgewicht zwischen akademischen, sozialen und moralischen Kompetenzen und erreichen damit ein emotionales Wohlbefinden.<\/p>\n\n\n<div class=\"wp-block-image\">\n<figure class=\"aligncenter\"><a href=\"https:\/\/www.kaemmerinternational.de\/hannover\/wp-content\/uploads\/2017\/09\/Plakat-Leitbild-A3-de.jpg\"><img decoding=\"async\" src=\"https:\/\/www.kaemmerinternational.de\/hannover\/wp-content\/uploads\/2017\/09\/Plakat-Leitbild-A3-de-776x1024.jpg\" alt=\"plakat-leitbild-a3-de\" class=\"wp-image-3073\"\/><\/a><\/figure>\n<\/div>\n\n\n<p><strong>Communication beyond language. Creativity beyond the classroom. We are learning for the future and technology is our playground.<\/strong><\/p>\n\n\n\n<p>KIBS ist fest davon \u00fcberzeugt, dass die Entwicklung und F\u00f6rderung aller Talente unserer Sch\u00fclerinnen und Sch\u00fcler der Schl\u00fcssel zur Vorbereitung auf eine sich st\u00e4ndig ver\u00e4ndernde Welt ist. Wir m\u00f6chten unsere Sch\u00fclerinnen und Sch\u00fcler dazu inspirieren, gro\u00df zu denken und zu tr\u00e4umen, indem wir eine anregende und vielseitige Lernumgebung bieten. Wir glauben, dass mehrsprachige Kenntnisse unerl\u00e4sslich sind, um sich in unserer multikulturellen, globalisierten Welt erfolgreich zurecht zu finden.<\/p>\n\n\n\n<p>Unser Immersionskonzept formt bi- und polylinguale B\u00fcrger, die die internationale Welt zu ihrem Vorteil erkunden k\u00f6nnen.Unser gemeinsames Ziel ist, offener und integrativer zu sein, indem wir den Unterschieden und Gemeinsamkeiten der Menschen aufgeschlossen gegen\u00fcber treten.<\/p>\n\n\n\n<p>Unsere Sch\u00fclerinnen und Sch\u00fcler sind authentische Vorbilder f\u00fcr lebenslanges Lernen und wir sch\u00e4tzen moralische, soziale, akademische und ethische Werte gleicherma\u00dfen. Sie werden technologische Fortschritte sicher und zielgerichtet umsetzen k\u00f6nnen.<\/p>","protected":false},"excerpt":{"rendered":"<p>Bei KIBS wird das Kind mit einem Englisch- und Deutsch-Immersionsprogramm ganzheitlich gebildet. Wir setzen zeitgem\u00e4\u00dfe Technologien ein, um die f\u00fcr das 21. Jahrhundert notwendigen Kompetenzen zu entwickeln und zu f\u00f6rdern. Damit bereiten wir unsere Sch\u00fclerinnen und Sch\u00fcler auf ihr zuk\u00fcnftiges Arbeitsleben als selbstbestimmte Weltb\u00fcrgerinnen und Weltb\u00fcrger vor. Wir unterrichten Kinder aus Deutschland und der ganzen<\/p>\n<div><a class=\"btn-filled btn\" href=\"https:\/\/www.kaemmerinternational.de\/hannover\/ueber-uns\/leitbild\/\" title=\"Leitbild\">Read More<\/a><\/div>\n","protected":false},"author":1,"featured_media":0,"parent":95,"menu_order":0,"comment_status":"closed","ping_status":"closed","template":"","meta":{"footnotes":""},"class_list":["post-3057","page","type-page","status-publish","hentry"],"_links":{"self":[{"href":"https:\/\/www.kaemmerinternational.de\/hannover\/wp-json\/wp\/v2\/pages\/3057","targetHints":{"allow":["GET"]}}],"collection":[{"href":"https:\/\/www.kaemmerinternational.de\/hannover\/wp-json\/wp\/v2\/pages"}],"about":[{"href":"https:\/\/www.kaemmerinternational.de\/hannover\/wp-json\/wp\/v2\/types\/page"}],"author":[{"embeddable":true,"href":"https:\/\/www.kaemmerinternational.de\/hannover\/wp-json\/wp\/v2\/users\/1"}],"replies":[{"embeddable":true,"href":"https:\/\/www.kaemmerinternational.de\/hannover\/wp-json\/wp\/v2\/comments?post=3057"}],"version-history":[{"count":0,"href":"https:\/\/www.kaemmerinternational.de\/hannover\/wp-json\/wp\/v2\/pages\/3057\/revisions"}],"up":[{"embeddable":true,"href":"https:\/\/www.kaemmerinternational.de\/hannover\/wp-json\/wp\/v2\/pages\/95"}],"wp:attachment":[{"href":"https:\/\/www.kaemmerinternational.de\/hannover\/wp-json\/wp\/v2\/media?parent=3057"}],"curies":[{"name":"wp","href":"https:\/\/api.w.org\/{rel}","templated":true}]}}