{"id":24,"date":"2010-06-11T15:06:30","date_gmt":"2010-06-11T13:06:30","guid":{"rendered":"http:\/\/kaemmer-international.de\/?page_id=24"},"modified":"2015-02-09T14:07:43","modified_gmt":"2015-02-09T13:07:43","slug":"curriculum","status":"publish","type":"page","link":"https:\/\/www.kaemmerinternational.de\/hannover\/ueber-uns\/curriculum\/","title":{"rendered":"Curriculum"},"content":{"rendered":"<p>Das KIBS-Curriculum bestimmt, welche Inhalte Sch\u00fcler anhand des schulischen Rahmenprogramms lernen, verstehen und verinnerlichen, sch\u00e4tzen und beherrschen sollten. Das Curriculum wurde so entwickelt, dass die Schulen und Lehrkr\u00e4fte eine gewisse Flexibilit\u00e4t in seiner Umsetzung behalten und zu seiner st\u00e4ndigen Weiterentwicklung beitragen. Das ist uns sehr wichtig. Einem festgelegten Rahmen f\u00fcgen wir auf diese Weise KIBS-spezifische Inhalte hinzu. Dieser Mix, so glauben wir, r\u00fcstet Kinder ideal f\u00fcr die Zukunft.<\/p>\n<p>Unser Curriculum basiert auf zwei Lernger\u00fcsten: Einerseits orientieren wir uns an den lokalen Rahmenlehrpl\u00e4nen Niedersachsen, dar\u00fcber hinaus an unserem Grundschullehrplan britischer Grundschulprogramme. Dies enth\u00e4lt dann auch schon die ersten Pr\u00fcfungen ab Klasse 2 des Cambridge ESOL-Programms. F\u00fcr das Gymnasium sind derzeit die Abschl\u00fcsse Sek, 1 und erweiterter Sek. 1 vorgesehen sowie Certificate nach dem Cambridge ESOL-Programm.<\/p>\n<p>Den Weg dorthin ebnet das KIBS-Curriculum. Es bietet den Schulen die M\u00f6glichkeit, ihre eigene Leistung zu evaluieren und stets zu optimieren. Das Curriculum lenkt unsere Entscheidungen. Es beeinflusst Recruiting und Personalentscheidungen ebenso wie die kontinuierliche Weiterbildung unserer Lehrkr\u00e4fte.In der Grundschule w\u00fcrdigen wir ma\u00dfgeblich die Kernf\u00e4cher: Mathematik, Naturwissenschaften, Gemeinschaftskunde, Sprachen (Lesen, Schreiben und Sprechen), Sport, Informatik und Kunst. Diese F\u00e4cher zu vermitteln, folgt bei KIBS keinem methodischen Standardschema: Projektarbeit und die thematische Ausrichtung des Unterrichts erlauben fach\u00fcbergreifende Aktivit\u00e4ten. In unseren Gymnasialstufen erweitern wir das Lernspektrum: Der Unterricht in den Kernf\u00e4chern wird erg\u00e4nzt durch eine zweite Fremdsprache und die Vermittlung von Wissen und F\u00e4higkeiten, die den Weg an die Hochschule erm\u00f6glichen, auch in Hinblick auf die international \u00fcbliche Praxis von universit\u00e4ren Eingangstests.<\/p>","protected":false},"excerpt":{"rendered":"<p>Das KIBS-Curriculum bestimmt, welche Inhalte Sch\u00fcler anhand des schulischen Rahmenprogramms lernen, verstehen und verinnerlichen, sch\u00e4tzen und beherrschen sollten. Das Curriculum wurde so entwickelt, dass die Schulen und Lehrkr\u00e4fte eine gewisse Flexibilit\u00e4t in seiner Umsetzung behalten und zu seiner st\u00e4ndigen Weiterentwicklung beitragen. Das ist uns sehr wichtig. Einem festgelegten Rahmen f\u00fcgen wir auf diese Weise KIBS-spezifische<\/p>\n<div><a class=\"btn-filled btn\" href=\"https:\/\/www.kaemmerinternational.de\/hannover\/ueber-uns\/curriculum\/\" title=\"Curriculum\">Read More<\/a><\/div>\n","protected":false},"author":1,"featured_media":0,"parent":95,"menu_order":0,"comment_status":"closed","ping_status":"closed","template":"","meta":{"footnotes":""},"class_list":["post-24","page","type-page","status-publish","hentry"],"_links":{"self":[{"href":"https:\/\/www.kaemmerinternational.de\/hannover\/wp-json\/wp\/v2\/pages\/24","targetHints":{"allow":["GET"]}}],"collection":[{"href":"https:\/\/www.kaemmerinternational.de\/hannover\/wp-json\/wp\/v2\/pages"}],"about":[{"href":"https:\/\/www.kaemmerinternational.de\/hannover\/wp-json\/wp\/v2\/types\/page"}],"author":[{"embeddable":true,"href":"https:\/\/www.kaemmerinternational.de\/hannover\/wp-json\/wp\/v2\/users\/1"}],"replies":[{"embeddable":true,"href":"https:\/\/www.kaemmerinternational.de\/hannover\/wp-json\/wp\/v2\/comments?post=24"}],"version-history":[{"count":0,"href":"https:\/\/www.kaemmerinternational.de\/hannover\/wp-json\/wp\/v2\/pages\/24\/revisions"}],"up":[{"embeddable":true,"href":"https:\/\/www.kaemmerinternational.de\/hannover\/wp-json\/wp\/v2\/pages\/95"}],"wp:attachment":[{"href":"https:\/\/www.kaemmerinternational.de\/hannover\/wp-json\/wp\/v2\/media?parent=24"}],"curies":[{"name":"wp","href":"https:\/\/api.w.org\/{rel}","templated":true}]}}