{"id":101,"date":"2010-07-09T10:01:22","date_gmt":"2010-07-09T08:01:22","guid":{"rendered":"http:\/\/www.kaemmerinternational.de\/?page_id=101"},"modified":"2024-02-14T15:10:34","modified_gmt":"2024-02-14T14:10:34","slug":"eltern","status":"publish","type":"page","link":"https:\/\/www.kaemmerinternational.de\/hannover\/ueber-uns\/eltern\/","title":{"rendered":"Eltern"},"content":{"rendered":"<p>Pers\u00f6nlichkeit zu entwickeln, wird durch Allianzen getragen: Wir bei KIBS halten eine gute und tragf\u00e4hige Beziehung zwischen Schulen und Elternschaft daher f\u00fcr zentral. Unser Ziel ist, Eltern zu informieren: \u00fcber den Lernstand ihrer Kinder, \u00fcber fachspezifische Fortschritte und Besonderheiten ebenso wie \u00fcber die Richtung, in die sich der Lernprozess des Kindes entwickelt. Deshalb sind unsere Zeugnisse z.B. bis in die ersten Klassen des Gymnasiums auch immer gleichzeitig Lernberichte.<\/p>\n<p>Formulare f\u00fcr Eltern:<\/p>\n<p><a href=\"https:\/\/www.kaemmerinternational.de\/hannover\/wp-content\/uploads\/2024\/02\/Application-for-leave-of-absence-_-new-Feb24.pdf\">Beurlaubungen<\/a><\/p>","protected":false},"excerpt":{"rendered":"<p>Pers\u00f6nlichkeit zu entwickeln, wird durch Allianzen getragen: Wir bei KIBS halten eine gute und tragf\u00e4hige Beziehung zwischen Schulen und Elternschaft daher f\u00fcr zentral. Unser Ziel ist, Eltern zu informieren: \u00fcber den Lernstand ihrer Kinder, \u00fcber fachspezifische Fortschritte und Besonderheiten ebenso wie \u00fcber die Richtung, in die sich der Lernprozess des Kindes entwickelt. Deshalb sind unsere<\/p>\n<div><a class=\"btn-filled btn\" href=\"https:\/\/www.kaemmerinternational.de\/hannover\/ueber-uns\/eltern\/\" title=\"Eltern\">Read More<\/a><\/div>\n","protected":false},"author":1,"featured_media":0,"parent":95,"menu_order":0,"comment_status":"closed","ping_status":"closed","template":"","meta":{"footnotes":""},"class_list":["post-101","page","type-page","status-publish","hentry"],"_links":{"self":[{"href":"https:\/\/www.kaemmerinternational.de\/hannover\/wp-json\/wp\/v2\/pages\/101","targetHints":{"allow":["GET"]}}],"collection":[{"href":"https:\/\/www.kaemmerinternational.de\/hannover\/wp-json\/wp\/v2\/pages"}],"about":[{"href":"https:\/\/www.kaemmerinternational.de\/hannover\/wp-json\/wp\/v2\/types\/page"}],"author":[{"embeddable":true,"href":"https:\/\/www.kaemmerinternational.de\/hannover\/wp-json\/wp\/v2\/users\/1"}],"replies":[{"embeddable":true,"href":"https:\/\/www.kaemmerinternational.de\/hannover\/wp-json\/wp\/v2\/comments?post=101"}],"version-history":[{"count":0,"href":"https:\/\/www.kaemmerinternational.de\/hannover\/wp-json\/wp\/v2\/pages\/101\/revisions"}],"up":[{"embeddable":true,"href":"https:\/\/www.kaemmerinternational.de\/hannover\/wp-json\/wp\/v2\/pages\/95"}],"wp:attachment":[{"href":"https:\/\/www.kaemmerinternational.de\/hannover\/wp-json\/wp\/v2\/media?parent=101"}],"curies":[{"name":"wp","href":"https:\/\/api.w.org\/{rel}","templated":true}]}}